{"id":762,"date":"2020-10-08T12:33:23","date_gmt":"2020-10-08T12:33:23","guid":{"rendered":"http:\/\/deeptem.com\/health\/elementor\/?page_id=762"},"modified":"2025-08-14T12:06:56","modified_gmt":"2025-08-14T12:06:56","slug":"nosotros","status":"publish","type":"page","link":"https:\/\/iphh.com.ar\/index.php\/nosotros\/","title":{"rendered":"Nosotros"},"content":{"rendered":"\t\t<div data-elementor-type=\"wp-page\" data-elementor-id=\"762\" class=\"elementor elementor-762\" data-elementor-settings=\"[]\">\n\t\t\t\t\t\t\t<div class=\"elementor-section-wrap\">\n\t\t\t\t\t\t\t<section class=\"elementor-section elementor-top-section elementor-element elementor-element-5ac3bdd elementor-section-height-min-height elementor-section-boxed elementor-section-height-default elementor-section-items-middle\" data-id=\"5ac3bdd\" data-element_type=\"section\" data-settings=\"{&quot;background_background&quot;:&quot;classic&quot;}\">\n\t\t\t\t\t\t\t<div class=\"elementor-background-overlay\"><\/div>\n\t\t\t\t\t\t\t<div class=\"elementor-container elementor-column-gap-default\">\n\t\t\t\t\t<div class=\"elementor-column elementor-col-100 elementor-top-column elementor-element elementor-element-4201f47\" data-id=\"4201f47\" data-element_type=\"column\">\n\t\t\t<div class=\"elementor-widget-wrap elementor-element-populated\">\n\t\t\t\t\t\t\t\t<div class=\"elementor-element elementor-element-ae20336 elementor-widget elementor-widget-title_builder\" data-id=\"ae20336\" data-element_type=\"widget\" data-widget_type=\"title_builder.default\">\n\t\t\t\t<div class=\"elementor-widget-container\">\n\t\t\t\r\n\t\t<div class=\"wn-deep-title-wrap  wn-deep-title-wrap69f328010cc94  \"><div class=\"wn-deep-title\"><span class=\"wn-deep-title-shape elementor-repeater-item-bd80356 after\"><\/span><h4 class=\"  wn-deep-innertitle\">EQUIPO M\u00c9DICO<\/h4><h5 class=\"  wn-deep-subtitle\">NOSOTROS<\/h5>\r\n\t\t<\/div><\/div>\t\t<\/div>\n\t\t\t\t<\/div>\n\t\t\t\t\t<\/div>\n\t\t<\/div>\n\t\t\t\t\t\t\t<\/div>\n\t\t<\/section>\n\t\t\t\t<section class=\"elementor-section elementor-top-section elementor-element elementor-element-d147aa3 elementor-section-boxed elementor-section-height-default elementor-section-height-default\" data-id=\"d147aa3\" data-element_type=\"section\">\n\t\t\t\t\t\t<div class=\"elementor-container elementor-column-gap-default\">\n\t\t\t\t\t<div class=\"elementor-column elementor-col-100 elementor-top-column elementor-element elementor-element-63dcdf5\" data-id=\"63dcdf5\" data-element_type=\"column\">\n\t\t\t<div class=\"elementor-widget-wrap elementor-element-populated\">\n\t\t\t\t\t\t\t\t<div class=\"elementor-element elementor-element-cd2b049 elementor-widget elementor-widget-spacer\" data-id=\"cd2b049\" data-element_type=\"widget\" data-widget_type=\"spacer.default\">\n\t\t\t\t<div class=\"elementor-widget-container\">\n\t\t\t\t\t<div class=\"elementor-spacer\">\n\t\t\t<div class=\"elementor-spacer-inner\"><\/div>\n\t\t<\/div>\n\t\t\t\t<\/div>\n\t\t\t\t<\/div>\n\t\t\t\t<section class=\"elementor-section elementor-inner-section elementor-element elementor-element-5b6cb7a elementor-section-boxed elementor-section-height-default elementor-section-height-default\" data-id=\"5b6cb7a\" data-element_type=\"section\">\n\t\t\t\t\t\t<div class=\"elementor-container elementor-column-gap-default\">\n\t\t\t\t\t<div class=\"elementor-column elementor-col-100 elementor-inner-column elementor-element elementor-element-c3a84ea\" data-id=\"c3a84ea\" data-element_type=\"column\">\n\t\t\t<div class=\"elementor-widget-wrap elementor-element-populated\">\n\t\t\t\t\t\t\t\t<div class=\"elementor-element elementor-element-456632e elementor-widget elementor-widget-text-editor\" data-id=\"456632e\" data-element_type=\"widget\" data-widget_type=\"text-editor.default\">\n\t\t\t\t<div class=\"elementor-widget-container\">\n\t\t\t\t\t\t\t<h3 style=\"color:black;\">Somos un equipo de m\u00e9dicos hemat\u00f3logos que trabajamos para mejorar la calidad de vida de nuestros pacientes a trav\u00e9s de la excelencia m\u00e9dica y del apoyo humano permanente. <br>\nDeseamos brindar a nuestros pacientes calidad y excelencia m\u00e9dica a trav\u00e9s de la actualizaci\u00f3n cient\u00edfica y ofreciendo nuevas tecnolog\u00edas para dar tratamiento a todas las afecciones de la sangre y m\u00e9dula \u00f3sea<\/h3>\t\t\t\t\t\t<\/div>\n\t\t\t\t<\/div>\n\t\t\t\t\t<\/div>\n\t\t<\/div>\n\t\t\t\t\t\t\t<\/div>\n\t\t<\/section>\n\t\t\t\t\t<\/div>\n\t\t<\/div>\n\t\t\t\t\t\t\t<\/div>\n\t\t<\/section>\n\t\t\t\t<section class=\"elementor-section elementor-top-section elementor-element elementor-element-cc2b1b4 elementor-section-boxed elementor-section-height-default elementor-section-height-default\" data-id=\"cc2b1b4\" data-element_type=\"section\" data-settings=\"{&quot;background_background&quot;:&quot;classic&quot;}\">\n\t\t\t\t\t\t<div class=\"elementor-container elementor-column-gap-default\">\n\t\t\t\t\t<div class=\"elementor-column elementor-col-100 elementor-top-column elementor-element elementor-element-55d326f\" data-id=\"55d326f\" data-element_type=\"column\">\n\t\t\t<div class=\"elementor-widget-wrap elementor-element-populated\">\n\t\t\t\t\t\t\t\t<div class=\"elementor-element elementor-element-7325b9d elementor-widget elementor-widget-spacer\" data-id=\"7325b9d\" data-element_type=\"widget\" data-widget_type=\"spacer.default\">\n\t\t\t\t<div class=\"elementor-widget-container\">\n\t\t\t\t\t<div class=\"elementor-spacer\">\n\t\t\t<div class=\"elementor-spacer-inner\"><\/div>\n\t\t<\/div>\n\t\t\t\t<\/div>\n\t\t\t\t<\/div>\n\t\t\t\t<div class=\"elementor-element elementor-element-5bc2390 elementor-widget elementor-widget-spacer\" data-id=\"5bc2390\" data-element_type=\"widget\" data-widget_type=\"spacer.default\">\n\t\t\t\t<div class=\"elementor-widget-container\">\n\t\t\t\t\t<div class=\"elementor-spacer\">\n\t\t\t<div class=\"elementor-spacer-inner\"><\/div>\n\t\t<\/div>\n\t\t\t\t<\/div>\n\t\t\t\t<\/div>\n\t\t\t\t<section class=\"elementor-section elementor-inner-section elementor-element elementor-element-d7f9211 elementor-section-boxed elementor-section-height-default elementor-section-height-default\" data-id=\"d7f9211\" data-element_type=\"section\">\n\t\t\t\t\t\t<div class=\"elementor-container elementor-column-gap-default\">\n\t\t\t\t\t<div class=\"elementor-column elementor-col-33 elementor-inner-column elementor-element elementor-element-7462254\" data-id=\"7462254\" data-element_type=\"column\">\n\t\t\t<div class=\"elementor-widget-wrap elementor-element-populated\">\n\t\t\t\t\t\t\t\t<div class=\"elementor-element elementor-element-fc0928b elementor-widget elementor-widget-our_team\" data-id=\"fc0928b\" data-element_type=\"widget\" data-widget_type=\"our_team.default\">\n\t\t\t\t<div class=\"elementor-widget-container\">\n\t\t\t\r\n\t\t\t\t<article class=\"our-team6 \"  >\r\n\t\t\t\t\t<figure><img decoding=\"async\" src=\"https:\/\/iphh.com.ar\/wp-content\/uploads\/2021\/07\/DSC07638.jpg\" alt=\"Dr. Mario Giunta \"><a href=\"https:\/\/iphh.com.ar\/index.php\/dr-mario-giunta\/\" >\r\n\t\t\t\t\t\t\t<figcaption>\r\n\t\t\t\t\t\t\t\t<h2>Dr. Mario Giunta <\/h2>\r\n\t\t\t\t\t\t\t\t<h5>Director M\u00e9dico<\/h5>\r\n\t\t\t\t\t\t\t<\/figcaption>\r\n\t\t\t\t\t\t<\/a>\r\n\t\t\t\t\t<\/figure>\r\n\t\t\t\t\t<p>Especialista en Hematolog\u00eda y Hemoterapia<\/p>\r\n\t\t\t\t\t\r\n\t\t\t\t<\/article>\t\t<\/div>\n\t\t\t\t<\/div>\n\t\t\t\t\t<\/div>\n\t\t<\/div>\n\t\t\t\t<div class=\"elementor-column elementor-col-33 elementor-inner-column elementor-element elementor-element-26bb595\" data-id=\"26bb595\" data-element_type=\"column\">\n\t\t\t<div class=\"elementor-widget-wrap elementor-element-populated\">\n\t\t\t\t\t\t\t\t<div class=\"elementor-element elementor-element-9cde368 elementor-widget elementor-widget-our_team\" data-id=\"9cde368\" data-element_type=\"widget\" data-widget_type=\"our_team.default\">\n\t\t\t\t<div class=\"elementor-widget-container\">\n\t\t\t\r\n\t\t\t\t<article class=\"our-team6 \"  >\r\n\t\t\t\t\t<figure><img decoding=\"async\" src=\"https:\/\/iphh.com.ar\/wp-content\/uploads\/2021\/07\/DSC07543.jpg\" alt=\"Dra. Liliana G\u00f3mez Nux \"><a href=\"https:\/\/iphh.com.ar\/index.php\/dra-nux\/\" >\r\n\t\t\t\t\t\t\t<figcaption>\r\n\t\t\t\t\t\t\t\t<h2>Dra. Liliana G\u00f3mez Nux <\/h2>\r\n\t\t\t\t\t\t\t\t<h5>Directora M\u00e9dica<\/h5>\r\n\t\t\t\t\t\t\t<\/figcaption>\r\n\t\t\t\t\t\t<\/a>\r\n\t\t\t\t\t<\/figure>\r\n\t\t\t\t\t<p>Especialista en Hematolog\u00eda y Hemoterapia<\/p>\r\n\t\t\t\t\t\r\n\t\t\t\t<\/article>\t\t<\/div>\n\t\t\t\t<\/div>\n\t\t\t\t\t<\/div>\n\t\t<\/div>\n\t\t\t\t<div class=\"elementor-column elementor-col-33 elementor-inner-column elementor-element elementor-element-632b3fb\" data-id=\"632b3fb\" data-element_type=\"column\">\n\t\t\t<div class=\"elementor-widget-wrap elementor-element-populated\">\n\t\t\t\t\t\t\t\t<div class=\"elementor-element elementor-element-4820c16 elementor-widget elementor-widget-our_team\" data-id=\"4820c16\" data-element_type=\"widget\" data-widget_type=\"our_team.default\">\n\t\t\t\t<div class=\"elementor-widget-container\">\n\t\t\t\r\n\t\t\t\t<article class=\"our-team6 \"  >\r\n\t\t\t\t\t<figure><img decoding=\"async\" src=\"https:\/\/iphh.com.ar\/wp-content\/uploads\/2021\/07\/DSC02751.jpg\" alt=\"Dr. Pedro Negri Aranguren\"><a href=\"https:\/\/iphh.com.ar\/index.php\/dr-pedro-negri\/\" >\r\n\t\t\t\t\t\t\t<figcaption>\r\n\t\t\t\t\t\t\t\t<h2>Dr. Pedro Negri Aranguren<\/h2>\r\n\t\t\t\t\t\t\t\t<h5>Director M\u00e9dico<\/h5>\r\n\t\t\t\t\t\t\t<\/figcaption>\r\n\t\t\t\t\t\t<\/a>\r\n\t\t\t\t\t<\/figure>\r\n\t\t\t\t\t<p>Especialista en Hematolog\u00eda y Hemoterapia<\/p>\r\n\t\t\t\t\t\r\n\t\t\t\t<\/article>\t\t<\/div>\n\t\t\t\t<\/div>\n\t\t\t\t\t<\/div>\n\t\t<\/div>\n\t\t\t\t\t\t\t<\/div>\n\t\t<\/section>\n\t\t\t\t<div class=\"elementor-element elementor-element-5b4e601 elementor-widget elementor-widget-spacer\" data-id=\"5b4e601\" data-element_type=\"widget\" data-widget_type=\"spacer.default\">\n\t\t\t\t<div class=\"elementor-widget-container\">\n\t\t\t\t\t<div class=\"elementor-spacer\">\n\t\t\t<div class=\"elementor-spacer-inner\"><\/div>\n\t\t<\/div>\n\t\t\t\t<\/div>\n\t\t\t\t<\/div>\n\t\t\t\t<section class=\"elementor-section elementor-inner-section elementor-element elementor-element-f0338a6 elementor-section-boxed elementor-section-height-default elementor-section-height-default\" data-id=\"f0338a6\" data-element_type=\"section\">\n\t\t\t\t\t\t<div class=\"elementor-container elementor-column-gap-default\">\n\t\t\t\t\t<div class=\"elementor-column elementor-col-25 elementor-inner-column elementor-element elementor-element-aff3abe\" data-id=\"aff3abe\" data-element_type=\"column\">\n\t\t\t<div class=\"elementor-widget-wrap\">\n\t\t\t\t\t\t\t\t\t<\/div>\n\t\t<\/div>\n\t\t\t\t<div class=\"elementor-column elementor-col-25 elementor-inner-column elementor-element elementor-element-d712f2d\" data-id=\"d712f2d\" data-element_type=\"column\">\n\t\t\t<div class=\"elementor-widget-wrap elementor-element-populated\">\n\t\t\t\t\t\t\t\t<div class=\"elementor-element elementor-element-fe6b63b elementor-widget elementor-widget-our_team\" data-id=\"fe6b63b\" data-element_type=\"widget\" data-widget_type=\"our_team.default\">\n\t\t\t\t<div class=\"elementor-widget-container\">\n\t\t\t\r\n\t\t\t\t<article class=\"our-team6 \"  >\r\n\t\t\t\t\t<figure><img decoding=\"async\" src=\"https:\/\/iphh.com.ar\/wp-content\/uploads\/2021\/07\/DSC07875.jpg\" alt=\"Dra. Florencia Negri Aranguren\"><a href=\"https:\/\/iphh.com.ar\/index.php\/dra-florencia-negri-aranguren\/\" >\r\n\t\t\t\t\t\t\t<figcaption>\r\n\t\t\t\t\t\t\t\t<h2>Dra. Florencia Negri Aranguren<\/h2>\r\n\t\t\t\t\t\t\t\t<h5>M\u00e9dica Staff<\/h5>\r\n\t\t\t\t\t\t\t<\/figcaption>\r\n\t\t\t\t\t\t<\/a>\r\n\t\t\t\t\t<\/figure>\r\n\t\t\t\t\t<p>Especialista en Hematolog\u00eda <\/p>\r\n\t\t\t\t\t\r\n\t\t\t\t<\/article>\t\t<\/div>\n\t\t\t\t<\/div>\n\t\t\t\t\t<\/div>\n\t\t<\/div>\n\t\t\t\t<div class=\"elementor-column elementor-col-25 elementor-inner-column elementor-element elementor-element-6f31248\" data-id=\"6f31248\" data-element_type=\"column\">\n\t\t\t<div class=\"elementor-widget-wrap elementor-element-populated\">\n\t\t\t\t\t\t\t\t<div class=\"elementor-element elementor-element-e45220e elementor-widget elementor-widget-our_team\" data-id=\"e45220e\" data-element_type=\"widget\" data-widget_type=\"our_team.default\">\n\t\t\t\t<div class=\"elementor-widget-container\">\n\t\t\t\r\n\t\t\t\t<article class=\"our-team6 \"  >\r\n\t\t\t\t\t<figure><img decoding=\"async\" src=\"https:\/\/iphh.com.ar\/wp-content\/uploads\/2021\/07\/DSC07716.jpg\" alt=\"Dra. Maria Lorena Giunta\"><a href=\"https:\/\/iphh.com.ar\/index.php\/dra-maria-lorena-giunta\/\" >\r\n\t\t\t\t\t\t\t<figcaption>\r\n\t\t\t\t\t\t\t\t<h2>Dra. Maria Lorena Giunta<\/h2>\r\n\t\t\t\t\t\t\t\t<h5>M\u00e9dica Staff<\/h5>\r\n\t\t\t\t\t\t\t<\/figcaption>\r\n\t\t\t\t\t\t<\/a>\r\n\t\t\t\t\t<\/figure>\r\n\t\t\t\t\t<p>Especialista en Hemoterapia<\/p>\r\n\t\t\t\t\t\r\n\t\t\t\t<\/article>\t\t<\/div>\n\t\t\t\t<\/div>\n\t\t\t\t\t<\/div>\n\t\t<\/div>\n\t\t\t\t<div class=\"elementor-column elementor-col-25 elementor-inner-column elementor-element elementor-element-b0cdf07\" data-id=\"b0cdf07\" data-element_type=\"column\">\n\t\t\t<div class=\"elementor-widget-wrap\">\n\t\t\t\t\t\t\t\t\t<\/div>\n\t\t<\/div>\n\t\t\t\t\t\t\t<\/div>\n\t\t<\/section>\n\t\t\t\t\t<\/div>\n\t\t<\/div>\n\t\t\t\t\t\t\t<\/div>\n\t\t<\/section>\n\t\t\t\t<section class=\"elementor-section elementor-top-section elementor-element elementor-element-cc82579 elementor-section-boxed elementor-section-height-default elementor-section-height-default\" data-id=\"cc82579\" data-element_type=\"section\">\n\t\t\t\t\t\t<div class=\"elementor-container elementor-column-gap-default\">\n\t\t\t\t\t<div class=\"elementor-column elementor-col-100 elementor-top-column elementor-element elementor-element-38c69cc\" data-id=\"38c69cc\" data-element_type=\"column\">\n\t\t\t<div class=\"elementor-widget-wrap elementor-element-populated\">\n\t\t\t\t\t\t\t\t<div class=\"elementor-element elementor-element-91fe26c elementor-widget elementor-widget-image\" data-id=\"91fe26c\" data-element_type=\"widget\" data-widget_type=\"image.default\">\n\t\t\t\t<div class=\"elementor-widget-container\">\n\t\t\t\t\t\t\t\t\t\t\t\t\t\t\t<img loading=\"lazy\" decoding=\"async\" width=\"800\" height=\"450\" src=\"https:\/\/iphh.com.ar\/wp-content\/uploads\/2021\/07\/DSC08014.jpg\" class=\"attachment-full size-full\" alt=\"\" srcset=\"https:\/\/iphh.com.ar\/wp-content\/uploads\/2021\/07\/DSC08014.jpg 800w, https:\/\/iphh.com.ar\/wp-content\/uploads\/2021\/07\/DSC08014-300x169.jpg 300w, https:\/\/iphh.com.ar\/wp-content\/uploads\/2021\/07\/DSC08014-768x432.jpg 768w\" sizes=\"auto, (max-width: 800px) 100vw, 800px\" \/>\t\t\t\t\t\t\t\t\t\t\t\t\t\t\t<\/div>\n\t\t\t\t<\/div>\n\t\t\t\t<div class=\"elementor-element elementor-element-139879b elementor-widget elementor-widget-spacer\" data-id=\"139879b\" data-element_type=\"widget\" data-widget_type=\"spacer.default\">\n\t\t\t\t<div class=\"elementor-widget-container\">\n\t\t\t\t\t<div class=\"elementor-spacer\">\n\t\t\t<div class=\"elementor-spacer-inner\"><\/div>\n\t\t<\/div>\n\t\t\t\t<\/div>\n\t\t\t\t<\/div>\n\t\t\t\t\t<\/div>\n\t\t<\/div>\n\t\t\t\t\t\t\t<\/div>\n\t\t<\/section>\n\t\t\t\t\t\t<\/div>\n\t\t\t\t\t<\/div>\n\t\t","protected":false},"excerpt":{"rendered":"<p>EQUIPO M\u00c9DICO NOSOTROS Somos un equipo de m\u00e9dicos hemat\u00f3logos que trabajamos para mejorar la calidad de vida de nuestros pacientes a trav\u00e9s de la excelencia m\u00e9dica y del apoyo humano permanente. Deseamos brindar a nuestros pacientes calidad y excelencia m\u00e9dica a trav\u00e9s de la actualizaci\u00f3n cient\u00edfica y ofreciendo nuevas tecnolog\u00edas para dar tratamiento a todas las afecciones de la sangre y m\u00e9dula \u00f3sea Dr. Mario Giunta Director M\u00e9dico Especialista en Hematolog\u00eda y Hemoterapia Dra. Liliana G\u00f3mez Nux Directora M\u00e9dica Especialista en Hematolog\u00eda y Hemoterapia Dr. Pedro Negri Aranguren Director M\u00e9dico Especialista en Hematolog\u00eda y Hemoterapia Dra. Florencia Negri Aranguren M\u00e9dica Staff Especialista en Hematolog\u00eda Dra. Maria Lorena Giunta M\u00e9dica Staff Especialista en Hemoterapia<\/p>\n","protected":false},"author":1,"featured_media":0,"parent":0,"menu_order":0,"comment_status":"closed","ping_status":"closed","template":"","meta":{"footnotes":""},"class_list":["post-762","page","type-page","status-publish","hentry"],"_links":{"self":[{"href":"https:\/\/iphh.com.ar\/index.php\/wp-json\/wp\/v2\/pages\/762","targetHints":{"allow":["GET"]}}],"collection":[{"href":"https:\/\/iphh.com.ar\/index.php\/wp-json\/wp\/v2\/pages"}],"about":[{"href":"https:\/\/iphh.com.ar\/index.php\/wp-json\/wp\/v2\/types\/page"}],"author":[{"embeddable":true,"href":"https:\/\/iphh.com.ar\/index.php\/wp-json\/wp\/v2\/users\/1"}],"replies":[{"embeddable":true,"href":"https:\/\/iphh.com.ar\/index.php\/wp-json\/wp\/v2\/comments?post=762"}],"version-history":[{"count":105,"href":"https:\/\/iphh.com.ar\/index.php\/wp-json\/wp\/v2\/pages\/762\/revisions"}],"predecessor-version":[{"id":2146,"href":"https:\/\/iphh.com.ar\/index.php\/wp-json\/wp\/v2\/pages\/762\/revisions\/2146"}],"wp:attachment":[{"href":"https:\/\/iphh.com.ar\/index.php\/wp-json\/wp\/v2\/media?parent=762"}],"curies":[{"name":"wp","href":"https:\/\/api.w.org\/{rel}","templated":true}]}}