{"id":1688,"date":"2021-09-15T14:49:21","date_gmt":"2021-09-15T14:49:21","guid":{"rendered":"https:\/\/iphh.com.ar\/?page_id=1688"},"modified":"2021-09-15T14:52:45","modified_gmt":"2021-09-15T14:52:45","slug":"dra-florencia-negri-aranguren","status":"publish","type":"page","link":"https:\/\/iphh.com.ar\/index.php\/dra-florencia-negri-aranguren\/","title":{"rendered":"Dra. Florencia Negri Aranguren"},"content":{"rendered":"\t\t<div data-elementor-type=\"wp-page\" data-elementor-id=\"1688\" class=\"elementor elementor-1688\" data-elementor-settings=\"[]\">\n\t\t\t\t\t\t\t<div class=\"elementor-section-wrap\">\n\t\t\t\t\t\t\t<section class=\"elementor-section elementor-top-section elementor-element elementor-element-5ac3bdd elementor-section-height-min-height elementor-section-boxed elementor-section-height-default elementor-section-items-middle\" data-id=\"5ac3bdd\" data-element_type=\"section\" data-settings=\"{&quot;background_background&quot;:&quot;classic&quot;}\">\n\t\t\t\t\t\t\t<div class=\"elementor-background-overlay\"><\/div>\n\t\t\t\t\t\t\t<div class=\"elementor-container elementor-column-gap-default\">\n\t\t\t\t\t<div class=\"elementor-column elementor-col-100 elementor-top-column elementor-element elementor-element-4201f47\" data-id=\"4201f47\" data-element_type=\"column\">\n\t\t\t<div class=\"elementor-widget-wrap elementor-element-populated\">\n\t\t\t\t\t\t\t\t<div class=\"elementor-element elementor-element-ae20336 elementor-widget elementor-widget-title_builder\" data-id=\"ae20336\" data-element_type=\"widget\" data-widget_type=\"title_builder.default\">\n\t\t\t\t<div class=\"elementor-widget-container\">\n\t\t\t\r\n\t\t<div class=\"wn-deep-title-wrap  wn-deep-title-wrap69f25f23324d3  \"><div class=\"wn-deep-title\"><span class=\"wn-deep-title-shape elementor-repeater-item-bd80356 after\"><\/span><h4 class=\"  wn-deep-innertitle\">Curriculum y Especialidades<\/h4><h5 class=\"  wn-deep-subtitle\">Dra. Florencia Negri Aranguren<\/h5>\r\n\t\t<\/div><\/div>\t\t<\/div>\n\t\t\t\t<\/div>\n\t\t\t\t\t<\/div>\n\t\t<\/div>\n\t\t\t\t\t\t\t<\/div>\n\t\t<\/section>\n\t\t\t\t<section class=\"elementor-section elementor-top-section elementor-element elementor-element-d147aa3 elementor-section-boxed elementor-section-height-default elementor-section-height-default\" data-id=\"d147aa3\" data-element_type=\"section\">\n\t\t\t\t\t\t<div class=\"elementor-container elementor-column-gap-default\">\n\t\t\t\t\t<div class=\"elementor-column elementor-col-100 elementor-top-column elementor-element elementor-element-63dcdf5\" data-id=\"63dcdf5\" data-element_type=\"column\">\n\t\t\t<div class=\"elementor-widget-wrap elementor-element-populated\">\n\t\t\t\t\t\t\t\t<div class=\"elementor-element elementor-element-cd2b049 elementor-widget elementor-widget-spacer\" data-id=\"cd2b049\" data-element_type=\"widget\" data-widget_type=\"spacer.default\">\n\t\t\t\t<div class=\"elementor-widget-container\">\n\t\t\t\t\t<div class=\"elementor-spacer\">\n\t\t\t<div class=\"elementor-spacer-inner\"><\/div>\n\t\t<\/div>\n\t\t\t\t<\/div>\n\t\t\t\t<\/div>\n\t\t\t\t\t<\/div>\n\t\t<\/div>\n\t\t\t\t\t\t\t<\/div>\n\t\t<\/section>\n\t\t\t\t<section class=\"elementor-section elementor-top-section elementor-element elementor-element-1656036 elementor-section-boxed elementor-section-height-default elementor-section-height-default\" data-id=\"1656036\" data-element_type=\"section\">\n\t\t\t\t\t\t<div class=\"elementor-container elementor-column-gap-default\">\n\t\t\t\t\t<div class=\"elementor-column elementor-col-50 elementor-top-column elementor-element elementor-element-02ce3e6\" data-id=\"02ce3e6\" data-element_type=\"column\">\n\t\t\t<div class=\"elementor-widget-wrap elementor-element-populated\">\n\t\t\t\t\t\t\t\t<div class=\"elementor-element elementor-element-abfbf5a elementor-widget elementor-widget-image\" data-id=\"abfbf5a\" data-element_type=\"widget\" data-widget_type=\"image.default\">\n\t\t\t\t<div class=\"elementor-widget-container\">\n\t\t\t\t\t\t\t\t\t\t\t\t\t\t\t<img loading=\"lazy\" decoding=\"async\" width=\"533\" height=\"800\" src=\"https:\/\/iphh.com.ar\/wp-content\/uploads\/2021\/07\/DSC07875.jpg\" class=\"attachment-large size-large\" alt=\"\" srcset=\"https:\/\/iphh.com.ar\/wp-content\/uploads\/2021\/07\/DSC07875.jpg 533w, https:\/\/iphh.com.ar\/wp-content\/uploads\/2021\/07\/DSC07875-200x300.jpg 200w\" sizes=\"auto, (max-width: 533px) 100vw, 533px\" \/>\t\t\t\t\t\t\t\t\t\t\t\t\t\t\t<\/div>\n\t\t\t\t<\/div>\n\t\t\t\t<div class=\"elementor-element elementor-element-c70377c elementor-widget elementor-widget-text-editor\" data-id=\"c70377c\" data-element_type=\"widget\" data-widget_type=\"text-editor.default\">\n\t\t\t\t<div class=\"elementor-widget-container\">\n\t\t\t\t\t\t\t<div class=\"team-title team-single\">M\u00e9dica Staff<\/div><div class=\"team-title team-single\"><strong class=\"team-name\">Dra. Florencia Negri Aranguren<\/strong><\/div>\t\t\t\t\t\t<\/div>\n\t\t\t\t<\/div>\n\t\t\t\t<div class=\"elementor-element elementor-element-da4d2b7 elementor-widget elementor-widget-text-editor\" data-id=\"da4d2b7\" data-element_type=\"widget\" data-widget_type=\"text-editor.default\">\n\t\t\t\t<div class=\"elementor-widget-container\">\n\t\t\t\t\t\t\t<div class=\"team-title team-single\"><em>Especialista en Hematolog\u00eda<\/em><\/div><div class=\"team-title team-single\">\u00a0<\/div>\t\t\t\t\t\t<\/div>\n\t\t\t\t<\/div>\n\t\t\t\t\t<\/div>\n\t\t<\/div>\n\t\t\t\t<div class=\"elementor-column elementor-col-50 elementor-top-column elementor-element elementor-element-8c5cdf5\" data-id=\"8c5cdf5\" data-element_type=\"column\">\n\t\t\t<div class=\"elementor-widget-wrap elementor-element-populated\">\n\t\t\t\t\t\t\t\t<div class=\"elementor-element elementor-element-763ea03 elementor-widget elementor-widget-title_builder\" data-id=\"763ea03\" data-element_type=\"widget\" data-widget_type=\"title_builder.default\">\n\t\t\t\t<div class=\"elementor-widget-container\">\n\t\t\t\r\n\t\t<div class=\"wn-deep-title-wrap  wn-deep-title-wrap69f25f23405ee  \"><div class=\"wn-deep-title\"><span class=\"wn-deep-title-shape elementor-repeater-item-a4c05cb after\"><\/span><h3 class=\"  wn-deep-innertitle\">CONOZCA A\n\n<\/h3><h2 class=\"  wn-deep-subtitle\">NUESTROS M\u00c9DICOS<\/h2>\r\n\t\t<\/div><\/div>\t\t<\/div>\n\t\t\t\t<\/div>\n\t\t\t\t<div class=\"elementor-element elementor-element-26f377b elementor-widget elementor-widget-title_builder\" data-id=\"26f377b\" data-element_type=\"widget\" data-widget_type=\"title_builder.default\">\n\t\t\t\t<div class=\"elementor-widget-container\">\n\t\t\t\r\n\t\t<div class=\"wn-deep-title-wrap  wn-deep-title-wrap69f25f2340b0a  \"><div class=\"wn-deep-title\"><p class=\"  wn-deep-subtitle\">La Dra. Florencia Negri Aranguren es m\u00e9dica Staff del Instituto Privado de Hematolog\u00eda y Hemoterapia.\n<br>\nCurs\u00f3 sus estudios en la Facultad de Ciencias M\u00e9dicas de la Universidad Austral Buenos Aires - Argentina donde obtuvo el t\u00edtulo de Medico en 2009 y se recibi\u00f3 con Diploma de Honor.\n<\/p>\r\n\t\t<\/div><\/div>\t\t<\/div>\n\t\t\t\t<\/div>\n\t\t\t\t<div class=\"elementor-element elementor-element-02e68ca elementor-widget elementor-widget-text-editor\" data-id=\"02e68ca\" data-element_type=\"widget\" data-widget_type=\"text-editor.default\">\n\t\t\t\t<div class=\"elementor-widget-container\">\n\t\t\t\t\t\t\t<p>Entrenamiento de post grado en Cl\u00ednica Medica en el Hospital Pirovano (2009-2013) donde obtuvo el titulo de especialista en Cl\u00ednica M\u00e9dica por la UBA.<\/p><p>Residencia en hematolog\u00eda en Fundaleu \u2013 Buenos Aires (2013-2015) y Jefatura de Residencia en Fundaleu (2015-2016).<\/p><p>Curso Superior de Hematolog\u00eda en la Sociedad Argentina de Hematolog\u00eda (2013-2015) donde obtuvo el titulo de Especialista en Hematolog\u00eda.<\/p><p>Miembro de Sociedad Argentina de Hematolog\u00eda.<\/p><p>Grupo Argentino de Tratamiento de la Leucemia Aguda.<\/p>\t\t\t\t\t\t<\/div>\n\t\t\t\t<\/div>\n\t\t\t\t\t<\/div>\n\t\t<\/div>\n\t\t\t\t\t\t\t<\/div>\n\t\t<\/section>\n\t\t\t\t<section class=\"elementor-section elementor-top-section elementor-element elementor-element-0c38f19 elementor-section-boxed elementor-section-height-default elementor-section-height-default\" data-id=\"0c38f19\" data-element_type=\"section\">\n\t\t\t\t\t\t<div class=\"elementor-container elementor-column-gap-default\">\n\t\t\t\t\t<div class=\"elementor-column elementor-col-100 elementor-top-column elementor-element elementor-element-8d2c691\" data-id=\"8d2c691\" data-element_type=\"column\">\n\t\t\t<div class=\"elementor-widget-wrap elementor-element-populated\">\n\t\t\t\t\t\t\t\t<div class=\"elementor-element elementor-element-cc2403b elementor-widget elementor-widget-spacer\" data-id=\"cc2403b\" data-element_type=\"widget\" data-widget_type=\"spacer.default\">\n\t\t\t\t<div class=\"elementor-widget-container\">\n\t\t\t\t\t<div class=\"elementor-spacer\">\n\t\t\t<div class=\"elementor-spacer-inner\"><\/div>\n\t\t<\/div>\n\t\t\t\t<\/div>\n\t\t\t\t<\/div>\n\t\t\t\t\t<\/div>\n\t\t<\/div>\n\t\t\t\t\t\t\t<\/div>\n\t\t<\/section>\n\t\t\t\t\t\t<\/div>\n\t\t\t\t\t<\/div>\n\t\t","protected":false},"excerpt":{"rendered":"<p>Curriculum y Especialidades Dra. Florencia Negri Aranguren M\u00e9dica StaffDra. Florencia Negri ArangurenEspecialista en Hematolog\u00eda\u00a0 CONOZCA A NUESTROS M\u00c9DICOS La Dra. Florencia Negri Aranguren es m\u00e9dica Staff del Instituto Privado de Hematolog\u00eda y Hemoterapia. Curs\u00f3 sus estudios en la Facultad de Ciencias M\u00e9dicas de la Universidad Austral Buenos Aires &#8211; Argentina donde obtuvo el t\u00edtulo de Medico en 2009 y se recibi\u00f3 con Diploma de Honor. Entrenamiento de post grado en Cl\u00ednica Medica en el Hospital Pirovano (2009-2013) donde obtuvo el titulo de especialista en Cl\u00ednica M\u00e9dica por la UBA. Residencia en hematolog\u00eda en Fundaleu \u2013 Buenos Aires (2013-2015) y Jefatura de Residencia en Fundaleu (2015-2016). Curso Superior de Hematolog\u00eda en la Sociedad Argentina de Hematolog\u00eda (2013-2015) donde obtuvo el titulo de Especialista en Hematolog\u00eda. Miembro de Sociedad Argentina de Hematolog\u00eda. Grupo Argentino de Tratamiento de la Leucemia Aguda.<\/p>\n","protected":false},"author":1,"featured_media":0,"parent":0,"menu_order":0,"comment_status":"closed","ping_status":"closed","template":"","meta":{"footnotes":""},"class_list":["post-1688","page","type-page","status-publish","hentry"],"_links":{"self":[{"href":"https:\/\/iphh.com.ar\/index.php\/wp-json\/wp\/v2\/pages\/1688","targetHints":{"allow":["GET"]}}],"collection":[{"href":"https:\/\/iphh.com.ar\/index.php\/wp-json\/wp\/v2\/pages"}],"about":[{"href":"https:\/\/iphh.com.ar\/index.php\/wp-json\/wp\/v2\/types\/page"}],"author":[{"embeddable":true,"href":"https:\/\/iphh.com.ar\/index.php\/wp-json\/wp\/v2\/users\/1"}],"replies":[{"embeddable":true,"href":"https:\/\/iphh.com.ar\/index.php\/wp-json\/wp\/v2\/comments?post=1688"}],"version-history":[{"count":4,"href":"https:\/\/iphh.com.ar\/index.php\/wp-json\/wp\/v2\/pages\/1688\/revisions"}],"predecessor-version":[{"id":1693,"href":"https:\/\/iphh.com.ar\/index.php\/wp-json\/wp\/v2\/pages\/1688\/revisions\/1693"}],"wp:attachment":[{"href":"https:\/\/iphh.com.ar\/index.php\/wp-json\/wp\/v2\/media?parent=1688"}],"curies":[{"name":"wp","href":"https:\/\/api.w.org\/{rel}","templated":true}]}}