{"id":1655,"date":"2021-09-13T19:55:42","date_gmt":"2021-09-13T19:55:42","guid":{"rendered":"https:\/\/iphh.com.ar\/?page_id=1655"},"modified":"2021-09-13T20:10:30","modified_gmt":"2021-09-13T20:10:30","slug":"telemedicina01","status":"publish","type":"page","link":"https:\/\/iphh.com.ar\/index.php\/telemedicina01\/","title":{"rendered":"Telemedicina &#8211; Instructivo 01"},"content":{"rendered":"\t\t<div data-elementor-type=\"wp-page\" data-elementor-id=\"1655\" class=\"elementor elementor-1655\" data-elementor-settings=\"[]\">\n\t\t\t\t\t\t\t<div class=\"elementor-section-wrap\">\n\t\t\t\t\t\t\t<section class=\"elementor-section elementor-top-section elementor-element elementor-element-2707639 elementor-section-height-min-height elementor-section-boxed elementor-section-height-default elementor-section-items-middle\" data-id=\"2707639\" data-element_type=\"section\" data-settings=\"{&quot;background_background&quot;:&quot;classic&quot;}\">\n\t\t\t\t\t\t\t<div class=\"elementor-background-overlay\"><\/div>\n\t\t\t\t\t\t\t<div class=\"elementor-container elementor-column-gap-default\">\n\t\t\t\t\t<div class=\"elementor-column elementor-col-100 elementor-top-column elementor-element elementor-element-194b158\" data-id=\"194b158\" data-element_type=\"column\">\n\t\t\t<div class=\"elementor-widget-wrap elementor-element-populated\">\n\t\t\t\t\t\t\t\t<div class=\"elementor-element elementor-element-fda7b18 elementor-widget elementor-widget-title_builder\" data-id=\"fda7b18\" data-element_type=\"widget\" data-widget_type=\"title_builder.default\">\n\t\t\t\t<div class=\"elementor-widget-container\">\n\t\t\t\r\n\t\t<div class=\"wn-deep-title-wrap  wn-deep-title-wrap69f3be5a1faaf  \"><div class=\"wn-deep-title\"><span class=\"wn-deep-title-shape elementor-repeater-item-bd80356 after\"><\/span><h4 class=\"  wn-deep-innertitle\">Telemedicina<\/h4><h5 class=\"  wn-deep-subtitle\">Inscribirse en la plataforma<\/h5>\r\n\t\t<\/div><\/div>\t\t<\/div>\n\t\t\t\t<\/div>\n\t\t\t\t\t<\/div>\n\t\t<\/div>\n\t\t\t\t\t\t\t<\/div>\n\t\t<\/section>\n\t\t\t\t<section class=\"elementor-section elementor-top-section elementor-element elementor-element-16915ec elementor-section-boxed elementor-section-height-default elementor-section-height-default\" data-id=\"16915ec\" data-element_type=\"section\">\n\t\t\t\t\t\t<div class=\"elementor-container elementor-column-gap-default\">\n\t\t\t\t\t<div class=\"elementor-column elementor-col-100 elementor-top-column elementor-element elementor-element-0a3913b\" data-id=\"0a3913b\" data-element_type=\"column\">\n\t\t\t<div class=\"elementor-widget-wrap elementor-element-populated\">\n\t\t\t\t\t\t\t\t<div class=\"elementor-element elementor-element-024e4e3 elementor-widget elementor-widget-spacer\" data-id=\"024e4e3\" data-element_type=\"widget\" data-widget_type=\"spacer.default\">\n\t\t\t\t<div class=\"elementor-widget-container\">\n\t\t\t\t\t<div class=\"elementor-spacer\">\n\t\t\t<div class=\"elementor-spacer-inner\"><\/div>\n\t\t<\/div>\n\t\t\t\t<\/div>\n\t\t\t\t<\/div>\n\t\t\t\t\t<\/div>\n\t\t<\/div>\n\t\t\t\t\t\t\t<\/div>\n\t\t<\/section>\n\t\t\t\t<section class=\"elementor-section elementor-top-section elementor-element elementor-element-0878e35 elementor-section-boxed elementor-section-height-default elementor-section-height-default\" data-id=\"0878e35\" data-element_type=\"section\">\n\t\t\t\t\t\t<div class=\"elementor-container elementor-column-gap-default\">\n\t\t\t\t\t<div class=\"elementor-column elementor-col-50 elementor-top-column elementor-element elementor-element-b1fd271\" data-id=\"b1fd271\" data-element_type=\"column\">\n\t\t\t<div class=\"elementor-widget-wrap elementor-element-populated\">\n\t\t\t\t\t\t\t\t<div class=\"elementor-element elementor-element-442f755 elementor-widget elementor-widget-image\" data-id=\"442f755\" data-element_type=\"widget\" data-widget_type=\"image.default\">\n\t\t\t\t<div class=\"elementor-widget-container\">\n\t\t\t\t\t\t\t\t\t\t\t\t\t\t\t<img loading=\"lazy\" decoding=\"async\" width=\"640\" height=\"325\" src=\"https:\/\/iphh.com.ar\/wp-content\/uploads\/2021\/09\/registro-1-1024x520.png\" class=\"attachment-large size-large\" alt=\"\" srcset=\"https:\/\/iphh.com.ar\/wp-content\/uploads\/2021\/09\/registro-1-1024x520.png 1024w, https:\/\/iphh.com.ar\/wp-content\/uploads\/2021\/09\/registro-1-300x152.png 300w, https:\/\/iphh.com.ar\/wp-content\/uploads\/2021\/09\/registro-1-768x390.png 768w, https:\/\/iphh.com.ar\/wp-content\/uploads\/2021\/09\/registro-1.png 1263w\" sizes=\"auto, (max-width: 640px) 100vw, 640px\" \/>\t\t\t\t\t\t\t\t\t\t\t\t\t\t\t<\/div>\n\t\t\t\t<\/div>\n\t\t\t\t\t<\/div>\n\t\t<\/div>\n\t\t\t\t<div class=\"elementor-column elementor-col-50 elementor-top-column elementor-element elementor-element-c0248cf\" data-id=\"c0248cf\" data-element_type=\"column\">\n\t\t\t<div class=\"elementor-widget-wrap elementor-element-populated\">\n\t\t\t\t\t\t\t\t<div class=\"elementor-element elementor-element-2ab2584 elementor-widget elementor-widget-heading\" data-id=\"2ab2584\" data-element_type=\"widget\" data-widget_type=\"heading.default\">\n\t\t\t\t<div class=\"elementor-widget-container\">\n\t\t\t<h2 class=\"elementor-heading-title elementor-size-default\">1) Complete sus datos personales \n<\/h2>\t\t<\/div>\n\t\t\t\t<\/div>\n\t\t\t\t<div class=\"elementor-element elementor-element-44e5c6d elementor-widget elementor-widget-text-editor\" data-id=\"44e5c6d\" data-element_type=\"widget\" data-widget_type=\"text-editor.default\">\n\t\t\t\t<div class=\"elementor-widget-container\">\n\t\t\t\t\t\t\t<p><b>En primer lugar deber\u00e1 ingresar y verificar sus datos personales para que la plataforma de Integrando Salud abra su registro y asi pueda realizar la reserva de su turno.<\/b><\/p><p><strong>Una vez completados sus datos presione Siguiente<\/strong><\/p>\t\t\t\t\t\t<\/div>\n\t\t\t\t<\/div>\n\t\t\t\t\t<\/div>\n\t\t<\/div>\n\t\t\t\t\t\t\t<\/div>\n\t\t<\/section>\n\t\t\t\t<section class=\"elementor-section elementor-top-section elementor-element elementor-element-68bd793 elementor-section-boxed elementor-section-height-default elementor-section-height-default\" data-id=\"68bd793\" data-element_type=\"section\">\n\t\t\t\t\t\t<div class=\"elementor-container elementor-column-gap-default\">\n\t\t\t\t\t<div class=\"elementor-column elementor-col-100 elementor-top-column elementor-element elementor-element-aac9691\" data-id=\"aac9691\" data-element_type=\"column\">\n\t\t\t<div class=\"elementor-widget-wrap elementor-element-populated\">\n\t\t\t\t\t\t\t\t<div class=\"elementor-element elementor-element-5743df2 elementor-widget elementor-widget-spacer\" data-id=\"5743df2\" data-element_type=\"widget\" data-widget_type=\"spacer.default\">\n\t\t\t\t<div class=\"elementor-widget-container\">\n\t\t\t\t\t<div class=\"elementor-spacer\">\n\t\t\t<div class=\"elementor-spacer-inner\"><\/div>\n\t\t<\/div>\n\t\t\t\t<\/div>\n\t\t\t\t<\/div>\n\t\t\t\t\t<\/div>\n\t\t<\/div>\n\t\t\t\t\t\t\t<\/div>\n\t\t<\/section>\n\t\t\t\t<section class=\"elementor-section elementor-top-section elementor-element elementor-element-2162c08 elementor-section-boxed elementor-section-height-default elementor-section-height-default\" data-id=\"2162c08\" data-element_type=\"section\">\n\t\t\t\t\t\t<div class=\"elementor-container elementor-column-gap-default\">\n\t\t\t\t\t<div class=\"elementor-column elementor-col-50 elementor-top-column elementor-element elementor-element-3febdca\" data-id=\"3febdca\" data-element_type=\"column\">\n\t\t\t<div class=\"elementor-widget-wrap elementor-element-populated\">\n\t\t\t\t\t\t\t\t<div class=\"elementor-element elementor-element-b4d2a15 elementor-widget elementor-widget-image\" data-id=\"b4d2a15\" data-element_type=\"widget\" data-widget_type=\"image.default\">\n\t\t\t\t<div class=\"elementor-widget-container\">\n\t\t\t\t\t\t\t\t\t\t\t\t\t\t\t<img loading=\"lazy\" decoding=\"async\" width=\"640\" height=\"324\" src=\"https:\/\/iphh.com.ar\/wp-content\/uploads\/2021\/09\/registro-2-1024x519.png\" class=\"attachment-large size-large\" alt=\"\" srcset=\"https:\/\/iphh.com.ar\/wp-content\/uploads\/2021\/09\/registro-2-1024x519.png 1024w, https:\/\/iphh.com.ar\/wp-content\/uploads\/2021\/09\/registro-2-300x152.png 300w, https:\/\/iphh.com.ar\/wp-content\/uploads\/2021\/09\/registro-2-768x389.png 768w, https:\/\/iphh.com.ar\/wp-content\/uploads\/2021\/09\/registro-2.png 1266w\" sizes=\"auto, (max-width: 640px) 100vw, 640px\" \/>\t\t\t\t\t\t\t\t\t\t\t\t\t\t\t<\/div>\n\t\t\t\t<\/div>\n\t\t\t\t\t<\/div>\n\t\t<\/div>\n\t\t\t\t<div class=\"elementor-column elementor-col-50 elementor-top-column elementor-element elementor-element-b1c1247\" data-id=\"b1c1247\" data-element_type=\"column\">\n\t\t\t<div class=\"elementor-widget-wrap elementor-element-populated\">\n\t\t\t\t\t\t\t\t<div class=\"elementor-element elementor-element-19852c3 elementor-widget elementor-widget-heading\" data-id=\"19852c3\" data-element_type=\"widget\" data-widget_type=\"heading.default\">\n\t\t\t\t<div class=\"elementor-widget-container\">\n\t\t\t<h2 class=\"elementor-heading-title elementor-size-default\">2) Verifique su Nombre y Apellido<\/h2>\t\t<\/div>\n\t\t\t\t<\/div>\n\t\t\t\t<div class=\"elementor-element elementor-element-8a47144 elementor-widget elementor-widget-text-editor\" data-id=\"8a47144\" data-element_type=\"widget\" data-widget_type=\"text-editor.default\">\n\t\t\t\t<div class=\"elementor-widget-container\">\n\t\t\t\t\t\t\t<p><b>En este paso Ud. podr\u00e1 verificar o corregir su nombre y su apellido.<\/b><br \/><br \/><strong>Una vez verificados sus datos presione Siguiente\u00a0<\/strong><\/p>\t\t\t\t\t\t<\/div>\n\t\t\t\t<\/div>\n\t\t\t\t\t<\/div>\n\t\t<\/div>\n\t\t\t\t\t\t\t<\/div>\n\t\t<\/section>\n\t\t\t\t<section class=\"elementor-section elementor-top-section elementor-element elementor-element-e481f6e elementor-section-boxed elementor-section-height-default elementor-section-height-default\" data-id=\"e481f6e\" data-element_type=\"section\">\n\t\t\t\t\t\t<div class=\"elementor-container elementor-column-gap-default\">\n\t\t\t\t\t<div class=\"elementor-column elementor-col-100 elementor-top-column elementor-element elementor-element-d47a126\" data-id=\"d47a126\" data-element_type=\"column\">\n\t\t\t<div class=\"elementor-widget-wrap elementor-element-populated\">\n\t\t\t\t\t\t\t\t<div class=\"elementor-element elementor-element-11d6624 elementor-widget elementor-widget-spacer\" data-id=\"11d6624\" data-element_type=\"widget\" data-widget_type=\"spacer.default\">\n\t\t\t\t<div class=\"elementor-widget-container\">\n\t\t\t\t\t<div class=\"elementor-spacer\">\n\t\t\t<div class=\"elementor-spacer-inner\"><\/div>\n\t\t<\/div>\n\t\t\t\t<\/div>\n\t\t\t\t<\/div>\n\t\t\t\t\t<\/div>\n\t\t<\/div>\n\t\t\t\t\t\t\t<\/div>\n\t\t<\/section>\n\t\t\t\t<section class=\"elementor-section elementor-top-section elementor-element elementor-element-8d9e7ea elementor-section-boxed elementor-section-height-default elementor-section-height-default\" data-id=\"8d9e7ea\" data-element_type=\"section\">\n\t\t\t\t\t\t<div class=\"elementor-container elementor-column-gap-default\">\n\t\t\t\t\t<div class=\"elementor-column elementor-col-50 elementor-top-column elementor-element elementor-element-0b144b1\" data-id=\"0b144b1\" data-element_type=\"column\">\n\t\t\t<div class=\"elementor-widget-wrap elementor-element-populated\">\n\t\t\t\t\t\t\t\t<div class=\"elementor-element elementor-element-e5c326c elementor-widget elementor-widget-image\" data-id=\"e5c326c\" data-element_type=\"widget\" data-widget_type=\"image.default\">\n\t\t\t\t<div class=\"elementor-widget-container\">\n\t\t\t\t\t\t\t\t\t\t\t\t\t\t\t<img loading=\"lazy\" decoding=\"async\" width=\"640\" height=\"326\" src=\"https:\/\/iphh.com.ar\/wp-content\/uploads\/2021\/09\/registro-3-1024x521.png\" class=\"attachment-large size-large\" alt=\"\" srcset=\"https:\/\/iphh.com.ar\/wp-content\/uploads\/2021\/09\/registro-3-1024x521.png 1024w, https:\/\/iphh.com.ar\/wp-content\/uploads\/2021\/09\/registro-3-300x153.png 300w, https:\/\/iphh.com.ar\/wp-content\/uploads\/2021\/09\/registro-3-768x391.png 768w, https:\/\/iphh.com.ar\/wp-content\/uploads\/2021\/09\/registro-3.png 1267w\" sizes=\"auto, (max-width: 640px) 100vw, 640px\" \/>\t\t\t\t\t\t\t\t\t\t\t\t\t\t\t<\/div>\n\t\t\t\t<\/div>\n\t\t\t\t\t<\/div>\n\t\t<\/div>\n\t\t\t\t<div class=\"elementor-column elementor-col-50 elementor-top-column elementor-element elementor-element-3b5c53a\" data-id=\"3b5c53a\" data-element_type=\"column\">\n\t\t\t<div class=\"elementor-widget-wrap elementor-element-populated\">\n\t\t\t\t\t\t\t\t<div class=\"elementor-element elementor-element-e3af827 elementor-widget elementor-widget-heading\" data-id=\"e3af827\" data-element_type=\"widget\" data-widget_type=\"heading.default\">\n\t\t\t\t<div class=\"elementor-widget-container\">\n\t\t\t<h2 class=\"elementor-heading-title elementor-size-default\">3) Complete sus datos de contacto <\/h2>\t\t<\/div>\n\t\t\t\t<\/div>\n\t\t\t\t<div class=\"elementor-element elementor-element-80c838b elementor-widget elementor-widget-text-editor\" data-id=\"80c838b\" data-element_type=\"widget\" data-widget_type=\"text-editor.default\">\n\t\t\t\t<div class=\"elementor-widget-container\">\n\t\t\t\t\t\t\t<p><b>Este paso le permitir\u00e1 indicarnos su correo electr\u00f3nico y numero de tel\u00e9fono, medios a trav\u00e9s de los que podremos contactarlo para enviarle informaci\u00f3n sobre sus turnos, recordatorios o cualquier otro aviso que sea necesario para mejorar su experiencia.<br \/>Adem\u00e1s de estos datos se le solicitara indique la localidad y provincia donde se encuentra.<\/b><\/p><p><strong>Una vez completados sus datos presione Siguiente.<\/strong><\/p>\t\t\t\t\t\t<\/div>\n\t\t\t\t<\/div>\n\t\t\t\t\t<\/div>\n\t\t<\/div>\n\t\t\t\t\t\t\t<\/div>\n\t\t<\/section>\n\t\t\t\t<section class=\"elementor-section elementor-top-section elementor-element elementor-element-5d5a137 elementor-section-boxed elementor-section-height-default elementor-section-height-default\" data-id=\"5d5a137\" data-element_type=\"section\">\n\t\t\t\t\t\t<div class=\"elementor-container elementor-column-gap-default\">\n\t\t\t\t\t<div class=\"elementor-column elementor-col-100 elementor-top-column elementor-element elementor-element-d5635c6\" data-id=\"d5635c6\" data-element_type=\"column\">\n\t\t\t<div class=\"elementor-widget-wrap elementor-element-populated\">\n\t\t\t\t\t\t\t\t<div class=\"elementor-element elementor-element-0f643b0 elementor-widget elementor-widget-spacer\" data-id=\"0f643b0\" data-element_type=\"widget\" data-widget_type=\"spacer.default\">\n\t\t\t\t<div class=\"elementor-widget-container\">\n\t\t\t\t\t<div class=\"elementor-spacer\">\n\t\t\t<div class=\"elementor-spacer-inner\"><\/div>\n\t\t<\/div>\n\t\t\t\t<\/div>\n\t\t\t\t<\/div>\n\t\t\t\t\t<\/div>\n\t\t<\/div>\n\t\t\t\t\t\t\t<\/div>\n\t\t<\/section>\n\t\t\t\t<section class=\"elementor-section elementor-top-section elementor-element elementor-element-d1c6850 elementor-section-boxed elementor-section-height-default elementor-section-height-default\" data-id=\"d1c6850\" data-element_type=\"section\">\n\t\t\t\t\t\t<div class=\"elementor-container elementor-column-gap-default\">\n\t\t\t\t\t<div class=\"elementor-column elementor-col-50 elementor-top-column elementor-element elementor-element-2afc8c0\" data-id=\"2afc8c0\" data-element_type=\"column\">\n\t\t\t<div class=\"elementor-widget-wrap elementor-element-populated\">\n\t\t\t\t\t\t\t\t<div class=\"elementor-element elementor-element-c8054c6 elementor-widget elementor-widget-image\" data-id=\"c8054c6\" data-element_type=\"widget\" data-widget_type=\"image.default\">\n\t\t\t\t<div class=\"elementor-widget-container\">\n\t\t\t\t\t\t\t\t\t\t\t\t\t\t\t<img loading=\"lazy\" decoding=\"async\" width=\"640\" height=\"324\" src=\"https:\/\/iphh.com.ar\/wp-content\/uploads\/2021\/09\/registro-4-1024x518.png\" class=\"attachment-large size-large\" alt=\"\" srcset=\"https:\/\/iphh.com.ar\/wp-content\/uploads\/2021\/09\/registro-4-1024x518.png 1024w, https:\/\/iphh.com.ar\/wp-content\/uploads\/2021\/09\/registro-4-300x152.png 300w, https:\/\/iphh.com.ar\/wp-content\/uploads\/2021\/09\/registro-4-768x389.png 768w, https:\/\/iphh.com.ar\/wp-content\/uploads\/2021\/09\/registro-4.png 1268w\" sizes=\"auto, (max-width: 640px) 100vw, 640px\" \/>\t\t\t\t\t\t\t\t\t\t\t\t\t\t\t<\/div>\n\t\t\t\t<\/div>\n\t\t\t\t\t<\/div>\n\t\t<\/div>\n\t\t\t\t<div class=\"elementor-column elementor-col-50 elementor-top-column elementor-element elementor-element-b523d2a\" data-id=\"b523d2a\" data-element_type=\"column\">\n\t\t\t<div class=\"elementor-widget-wrap elementor-element-populated\">\n\t\t\t\t\t\t\t\t<div class=\"elementor-element elementor-element-2d901ca elementor-widget elementor-widget-heading\" data-id=\"2d901ca\" data-element_type=\"widget\" data-widget_type=\"heading.default\">\n\t\t\t\t<div class=\"elementor-widget-container\">\n\t\t\t<h2 class=\"elementor-heading-title elementor-size-default\">4) Informaci\u00f3n de cobertura \n<\/h2>\t\t<\/div>\n\t\t\t\t<\/div>\n\t\t\t\t<div class=\"elementor-element elementor-element-591e498 elementor-widget elementor-widget-text-editor\" data-id=\"591e498\" data-element_type=\"widget\" data-widget_type=\"text-editor.default\">\n\t\t\t\t<div class=\"elementor-widget-container\">\n\t\t\t\t\t\t\t<p><b>En este paso le solicitamos en Obra Social que indique cual es su Obra Social, el plan y su numero de beneficiario, informaci\u00f3n que utilizaremos en caso de necesitar enviarle pedidos de estudios m\u00e9dicos.<\/b><\/p><p><strong>Una vez completados sus datos presione Siguiente.<\/strong><\/p>\t\t\t\t\t\t<\/div>\n\t\t\t\t<\/div>\n\t\t\t\t\t<\/div>\n\t\t<\/div>\n\t\t\t\t\t\t\t<\/div>\n\t\t<\/section>\n\t\t\t\t<section class=\"elementor-section elementor-top-section elementor-element elementor-element-62128b0 elementor-section-boxed elementor-section-height-default elementor-section-height-default\" data-id=\"62128b0\" data-element_type=\"section\">\n\t\t\t\t\t\t<div class=\"elementor-container elementor-column-gap-default\">\n\t\t\t\t\t<div class=\"elementor-column elementor-col-100 elementor-top-column elementor-element elementor-element-fdd5b07\" data-id=\"fdd5b07\" data-element_type=\"column\">\n\t\t\t<div class=\"elementor-widget-wrap elementor-element-populated\">\n\t\t\t\t\t\t\t\t<div class=\"elementor-element elementor-element-28f0bb6 elementor-widget elementor-widget-spacer\" data-id=\"28f0bb6\" data-element_type=\"widget\" data-widget_type=\"spacer.default\">\n\t\t\t\t<div class=\"elementor-widget-container\">\n\t\t\t\t\t<div class=\"elementor-spacer\">\n\t\t\t<div class=\"elementor-spacer-inner\"><\/div>\n\t\t<\/div>\n\t\t\t\t<\/div>\n\t\t\t\t<\/div>\n\t\t\t\t\t<\/div>\n\t\t<\/div>\n\t\t\t\t\t\t\t<\/div>\n\t\t<\/section>\n\t\t\t\t<section class=\"elementor-section elementor-top-section elementor-element elementor-element-ea36315 elementor-section-boxed elementor-section-height-default elementor-section-height-default\" data-id=\"ea36315\" data-element_type=\"section\">\n\t\t\t\t\t\t<div class=\"elementor-container elementor-column-gap-default\">\n\t\t\t\t\t<div class=\"elementor-column elementor-col-50 elementor-top-column elementor-element elementor-element-2e88692\" data-id=\"2e88692\" data-element_type=\"column\">\n\t\t\t<div class=\"elementor-widget-wrap elementor-element-populated\">\n\t\t\t\t\t\t\t\t<div class=\"elementor-element elementor-element-755a176 elementor-widget elementor-widget-image\" data-id=\"755a176\" data-element_type=\"widget\" data-widget_type=\"image.default\">\n\t\t\t\t<div class=\"elementor-widget-container\">\n\t\t\t\t\t\t\t\t\t\t\t\t\t\t\t<img loading=\"lazy\" decoding=\"async\" width=\"640\" height=\"326\" src=\"https:\/\/iphh.com.ar\/wp-content\/uploads\/2021\/09\/registro-5-1024x521.png\" class=\"attachment-large size-large\" alt=\"\" srcset=\"https:\/\/iphh.com.ar\/wp-content\/uploads\/2021\/09\/registro-5-1024x521.png 1024w, https:\/\/iphh.com.ar\/wp-content\/uploads\/2021\/09\/registro-5-300x153.png 300w, https:\/\/iphh.com.ar\/wp-content\/uploads\/2021\/09\/registro-5-768x391.png 768w, https:\/\/iphh.com.ar\/wp-content\/uploads\/2021\/09\/registro-5.png 1266w\" sizes=\"auto, (max-width: 640px) 100vw, 640px\" \/>\t\t\t\t\t\t\t\t\t\t\t\t\t\t\t<\/div>\n\t\t\t\t<\/div>\n\t\t\t\t\t<\/div>\n\t\t<\/div>\n\t\t\t\t<div class=\"elementor-column elementor-col-50 elementor-top-column elementor-element elementor-element-319cb6d\" data-id=\"319cb6d\" data-element_type=\"column\">\n\t\t\t<div class=\"elementor-widget-wrap elementor-element-populated\">\n\t\t\t\t\t\t\t\t<div class=\"elementor-element elementor-element-dded6b3 elementor-widget elementor-widget-heading\" data-id=\"dded6b3\" data-element_type=\"widget\" data-widget_type=\"heading.default\">\n\t\t\t\t<div class=\"elementor-widget-container\">\n\t\t\t<h2 class=\"elementor-heading-title elementor-size-default\">5) Guarde su informaci\u00f3n<\/h2>\t\t<\/div>\n\t\t\t\t<\/div>\n\t\t\t\t<div class=\"elementor-element elementor-element-448e715 elementor-widget elementor-widget-text-editor\" data-id=\"448e715\" data-element_type=\"widget\" data-widget_type=\"text-editor.default\">\n\t\t\t\t<div class=\"elementor-widget-container\">\n\t\t\t\t\t\t\t<p><b>Por ultimo le solicitamos presione el bot\u00f3n Guardar para que se abra su registro en la plataforma.<\/b><\/p><p><b>Unos instantes despu\u00e9s de guardar recibir\u00e1 un correo electr\u00f3nico confirmando su registro.<\/b><\/p><p><strong>Si quiere iniciar el registro puede hacer click\u00a0<a class=\"text-primary\" href=\"https:\/\/www.turnosmedicosonline.com\/turnos\/index.php\/alta_usuario_portal\" target=\"_blank\" rel=\"noopener\">aqu\u00ed<\/a>.<\/strong><\/p>\t\t\t\t\t\t<\/div>\n\t\t\t\t<\/div>\n\t\t\t\t\t<\/div>\n\t\t<\/div>\n\t\t\t\t\t\t\t<\/div>\n\t\t<\/section>\n\t\t\t\t<section class=\"elementor-section elementor-top-section elementor-element elementor-element-e2840ae elementor-section-boxed elementor-section-height-default elementor-section-height-default\" data-id=\"e2840ae\" data-element_type=\"section\">\n\t\t\t\t\t\t<div class=\"elementor-container elementor-column-gap-default\">\n\t\t\t\t\t<div class=\"elementor-column elementor-col-100 elementor-top-column elementor-element elementor-element-e907d7d\" data-id=\"e907d7d\" data-element_type=\"column\">\n\t\t\t<div class=\"elementor-widget-wrap elementor-element-populated\">\n\t\t\t\t\t\t\t\t<div class=\"elementor-element elementor-element-d3ce73b elementor-widget elementor-widget-spacer\" data-id=\"d3ce73b\" data-element_type=\"widget\" data-widget_type=\"spacer.default\">\n\t\t\t\t<div class=\"elementor-widget-container\">\n\t\t\t\t\t<div class=\"elementor-spacer\">\n\t\t\t<div class=\"elementor-spacer-inner\"><\/div>\n\t\t<\/div>\n\t\t\t\t<\/div>\n\t\t\t\t<\/div>\n\t\t\t\t\t<\/div>\n\t\t<\/div>\n\t\t\t\t\t\t\t<\/div>\n\t\t<\/section>\n\t\t\t\t\t\t<\/div>\n\t\t\t\t\t<\/div>\n\t\t","protected":false},"excerpt":{"rendered":"<p>Telemedicina Inscribirse en la plataforma 1) Complete sus datos personales En primer lugar deber\u00e1 ingresar y verificar sus datos personales para que la plataforma de Integrando Salud abra su registro y asi pueda realizar la reserva de su turno. Una vez completados sus datos presione Siguiente 2) Verifique su Nombre y Apellido En este paso Ud. podr\u00e1 verificar o corregir su nombre y su apellido. Una vez verificados sus datos presione Siguiente\u00a0 3) Complete sus datos de contacto Este paso le permitir\u00e1 indicarnos su correo electr\u00f3nico y numero de tel\u00e9fono, medios a trav\u00e9s de los que podremos contactarlo para enviarle informaci\u00f3n sobre sus turnos, recordatorios o cualquier otro aviso que sea necesario para mejorar su experiencia.Adem\u00e1s de estos datos se le solicitara indique la localidad y provincia donde se encuentra. Una vez completados sus datos presione Siguiente. 4) Informaci\u00f3n de cobertura En este paso le solicitamos en Obra Social que indique cual es su Obra Social, el plan y su numero de beneficiario, informaci\u00f3n que utilizaremos en caso de necesitar enviarle pedidos de estudios m\u00e9dicos. Una vez completados sus datos presione Siguiente. 5) Guarde su informaci\u00f3n Por ultimo le solicitamos presione el bot\u00f3n Guardar para que se abra su registro en la plataforma. Unos instantes despu\u00e9s de guardar recibir\u00e1 un correo electr\u00f3nico confirmando su registro. Si quiere iniciar el registro puede hacer click\u00a0aqu\u00ed.<\/p>\n","protected":false},"author":1,"featured_media":0,"parent":0,"menu_order":0,"comment_status":"closed","ping_status":"closed","template":"","meta":{"footnotes":""},"class_list":["post-1655","page","type-page","status-publish","hentry"],"_links":{"self":[{"href":"https:\/\/iphh.com.ar\/index.php\/wp-json\/wp\/v2\/pages\/1655","targetHints":{"allow":["GET"]}}],"collection":[{"href":"https:\/\/iphh.com.ar\/index.php\/wp-json\/wp\/v2\/pages"}],"about":[{"href":"https:\/\/iphh.com.ar\/index.php\/wp-json\/wp\/v2\/types\/page"}],"author":[{"embeddable":true,"href":"https:\/\/iphh.com.ar\/index.php\/wp-json\/wp\/v2\/users\/1"}],"replies":[{"embeddable":true,"href":"https:\/\/iphh.com.ar\/index.php\/wp-json\/wp\/v2\/comments?post=1655"}],"version-history":[{"count":10,"href":"https:\/\/iphh.com.ar\/index.php\/wp-json\/wp\/v2\/pages\/1655\/revisions"}],"predecessor-version":[{"id":1670,"href":"https:\/\/iphh.com.ar\/index.php\/wp-json\/wp\/v2\/pages\/1655\/revisions\/1670"}],"wp:attachment":[{"href":"https:\/\/iphh.com.ar\/index.php\/wp-json\/wp\/v2\/media?parent=1655"}],"curies":[{"name":"wp","href":"https:\/\/api.w.org\/{rel}","templated":true}]}}