{"id":1412,"date":"2021-09-02T13:07:03","date_gmt":"2021-09-02T13:07:03","guid":{"rendered":"https:\/\/iphh.com.ar\/?page_id=1412"},"modified":"2021-09-15T14:40:19","modified_gmt":"2021-09-15T14:40:19","slug":"dra-nux","status":"publish","type":"page","link":"https:\/\/iphh.com.ar\/index.php\/dra-nux\/","title":{"rendered":"Dra. Liliana Gomez Nux"},"content":{"rendered":"\t\t<div data-elementor-type=\"wp-page\" data-elementor-id=\"1412\" class=\"elementor elementor-1412\" data-elementor-settings=\"[]\">\n\t\t\t\t\t\t\t<div class=\"elementor-section-wrap\">\n\t\t\t\t\t\t\t<section class=\"elementor-section elementor-top-section elementor-element elementor-element-5ac3bdd elementor-section-height-min-height elementor-section-boxed elementor-section-height-default elementor-section-items-middle\" data-id=\"5ac3bdd\" data-element_type=\"section\" data-settings=\"{&quot;background_background&quot;:&quot;classic&quot;}\">\n\t\t\t\t\t\t\t<div class=\"elementor-background-overlay\"><\/div>\n\t\t\t\t\t\t\t<div class=\"elementor-container elementor-column-gap-default\">\n\t\t\t\t\t<div class=\"elementor-column elementor-col-100 elementor-top-column elementor-element elementor-element-4201f47\" data-id=\"4201f47\" data-element_type=\"column\">\n\t\t\t<div class=\"elementor-widget-wrap elementor-element-populated\">\n\t\t\t\t\t\t\t\t<div class=\"elementor-element elementor-element-ae20336 elementor-widget elementor-widget-title_builder\" data-id=\"ae20336\" data-element_type=\"widget\" data-widget_type=\"title_builder.default\">\n\t\t\t\t<div class=\"elementor-widget-container\">\n\t\t\t\r\n\t\t<div class=\"wn-deep-title-wrap  wn-deep-title-wrap69f2acc2981db  \"><div class=\"wn-deep-title\"><span class=\"wn-deep-title-shape elementor-repeater-item-bd80356 after\"><\/span><h4 class=\"  wn-deep-innertitle\">Curriculum y Especialidades<\/h4><h5 class=\"  wn-deep-subtitle\">Dra. Liliana G\u00f3mez Nux<\/h5>\r\n\t\t<\/div><\/div>\t\t<\/div>\n\t\t\t\t<\/div>\n\t\t\t\t\t<\/div>\n\t\t<\/div>\n\t\t\t\t\t\t\t<\/div>\n\t\t<\/section>\n\t\t\t\t<section class=\"elementor-section elementor-top-section elementor-element elementor-element-d147aa3 elementor-section-boxed elementor-section-height-default elementor-section-height-default\" data-id=\"d147aa3\" data-element_type=\"section\">\n\t\t\t\t\t\t<div class=\"elementor-container elementor-column-gap-default\">\n\t\t\t\t\t<div class=\"elementor-column elementor-col-100 elementor-top-column elementor-element elementor-element-63dcdf5\" data-id=\"63dcdf5\" data-element_type=\"column\">\n\t\t\t<div class=\"elementor-widget-wrap elementor-element-populated\">\n\t\t\t\t\t\t\t\t<div class=\"elementor-element elementor-element-cd2b049 elementor-widget elementor-widget-spacer\" data-id=\"cd2b049\" data-element_type=\"widget\" data-widget_type=\"spacer.default\">\n\t\t\t\t<div class=\"elementor-widget-container\">\n\t\t\t\t\t<div class=\"elementor-spacer\">\n\t\t\t<div class=\"elementor-spacer-inner\"><\/div>\n\t\t<\/div>\n\t\t\t\t<\/div>\n\t\t\t\t<\/div>\n\t\t\t\t\t<\/div>\n\t\t<\/div>\n\t\t\t\t\t\t\t<\/div>\n\t\t<\/section>\n\t\t\t\t<section class=\"elementor-section elementor-top-section elementor-element elementor-element-1656036 elementor-section-boxed elementor-section-height-default elementor-section-height-default\" data-id=\"1656036\" data-element_type=\"section\">\n\t\t\t\t\t\t<div class=\"elementor-container elementor-column-gap-default\">\n\t\t\t\t\t<div class=\"elementor-column elementor-col-50 elementor-top-column elementor-element elementor-element-02ce3e6\" data-id=\"02ce3e6\" data-element_type=\"column\">\n\t\t\t<div class=\"elementor-widget-wrap elementor-element-populated\">\n\t\t\t\t\t\t\t\t<div class=\"elementor-element elementor-element-abfbf5a elementor-widget elementor-widget-image\" data-id=\"abfbf5a\" data-element_type=\"widget\" data-widget_type=\"image.default\">\n\t\t\t\t<div class=\"elementor-widget-container\">\n\t\t\t\t\t\t\t\t\t\t\t\t\t\t\t<img loading=\"lazy\" decoding=\"async\" width=\"533\" height=\"800\" src=\"https:\/\/iphh.com.ar\/wp-content\/uploads\/2021\/07\/DSC07543.jpg\" class=\"attachment-large size-large\" alt=\"\" srcset=\"https:\/\/iphh.com.ar\/wp-content\/uploads\/2021\/07\/DSC07543.jpg 533w, https:\/\/iphh.com.ar\/wp-content\/uploads\/2021\/07\/DSC07543-200x300.jpg 200w\" sizes=\"auto, (max-width: 533px) 100vw, 533px\" \/>\t\t\t\t\t\t\t\t\t\t\t\t\t\t\t<\/div>\n\t\t\t\t<\/div>\n\t\t\t\t<div class=\"elementor-element elementor-element-c70377c elementor-widget elementor-widget-text-editor\" data-id=\"c70377c\" data-element_type=\"widget\" data-widget_type=\"text-editor.default\">\n\t\t\t\t<div class=\"elementor-widget-container\">\n\t\t\t\t\t\t\t<div class=\"team-title team-single\">Directora M\u00e9dica<\/div><div class=\"team-title team-single\"><strong class=\"team-name\">Dra. Liliana G\u00f3mez Nux\u00a0<\/strong><\/div>\t\t\t\t\t\t<\/div>\n\t\t\t\t<\/div>\n\t\t\t\t<div class=\"elementor-element elementor-element-da4d2b7 elementor-widget elementor-widget-text-editor\" data-id=\"da4d2b7\" data-element_type=\"widget\" data-widget_type=\"text-editor.default\">\n\t\t\t\t<div class=\"elementor-widget-container\">\n\t\t\t\t\t\t\t<div class=\"team-title team-single\"><em>Especialista en Hematolog\u00eda y Hemoterapia<\/em><\/div><div class=\"team-title team-single\">\u00a0<\/div>\t\t\t\t\t\t<\/div>\n\t\t\t\t<\/div>\n\t\t\t\t\t<\/div>\n\t\t<\/div>\n\t\t\t\t<div class=\"elementor-column elementor-col-50 elementor-top-column elementor-element elementor-element-8c5cdf5\" data-id=\"8c5cdf5\" data-element_type=\"column\">\n\t\t\t<div class=\"elementor-widget-wrap elementor-element-populated\">\n\t\t\t\t\t\t\t\t<div class=\"elementor-element elementor-element-763ea03 elementor-widget elementor-widget-title_builder\" data-id=\"763ea03\" data-element_type=\"widget\" data-widget_type=\"title_builder.default\">\n\t\t\t\t<div class=\"elementor-widget-container\">\n\t\t\t\r\n\t\t<div class=\"wn-deep-title-wrap  wn-deep-title-wrap69f2acc2a0a62  \"><div class=\"wn-deep-title\"><span class=\"wn-deep-title-shape elementor-repeater-item-a4c05cb after\"><\/span><h3 class=\"  wn-deep-innertitle\">CONOZCA A\n\n<\/h3><h2 class=\"  wn-deep-subtitle\">NUESTROS M\u00c9DICOS<\/h2>\r\n\t\t<\/div><\/div>\t\t<\/div>\n\t\t\t\t<\/div>\n\t\t\t\t<div class=\"elementor-element elementor-element-26f377b elementor-widget elementor-widget-title_builder\" data-id=\"26f377b\" data-element_type=\"widget\" data-widget_type=\"title_builder.default\">\n\t\t\t\t<div class=\"elementor-widget-container\">\n\t\t\t\r\n\t\t<div class=\"wn-deep-title-wrap  wn-deep-title-wrap69f2acc2a0f91  \"><div class=\"wn-deep-title\"><p class=\"  wn-deep-subtitle\">La Dra. Liliana G\u00f3mez Nux es directora M\u00e9dica del Instituto Privado de Hematolog\u00eda y Hemoterapia. \n<br>\nCurs\u00f3 sus estudios en la Facultad de Medicina de la Universidad Nacional de Buenos Aires - Argentina donde obtuvo el t\u00edtulo de Medico en 1980 \n<\/p>\r\n\t\t<\/div><\/div>\t\t<\/div>\n\t\t\t\t<\/div>\n\t\t\t\t<div class=\"elementor-element elementor-element-02e68ca elementor-widget elementor-widget-text-editor\" data-id=\"02e68ca\" data-element_type=\"widget\" data-widget_type=\"text-editor.default\">\n\t\t\t\t<div class=\"elementor-widget-container\">\n\t\t\t\t\t\t\t<p>Obtuvo el t\u00edtulo de Especialista en Hemoterapia e Inmunohematolog\u00eda en la Asociaci\u00f3n Argentina de Hemoterapia, Inmunohematolog\u00eda y Terapia Celular<\/p><p>Obtuvo el Obtuvo el t\u00edtulo de Especialista en Hematolog\u00eda en la Sociedad Argentina de Hematolog\u00eda,<\/p><p>Docente jefe de Trabajos Pr\u00e1cticos de la Catedra de Patolog\u00eda M\u00e9dica III, \u00c1rea Hematolog\u00eda de la Unidad Docente Acad\u00e9mica de Medicina de Paran\u00e1 (UDAM) dependiente de la Facultad de Ciencias M\u00e9dicas de la Universidad de Rosario.<\/p><p>Miembro de m\u00faltiples Sociedades Cient\u00edficas.<\/p><p>Sociedad Argentina de Hematolog\u00eda.<\/p><p>Grupo Argentino de Tratamiento de la Leucemia Aguda.<\/p><p>Asociaci\u00f3n Argentina de Hemoterapia Inmunohematolog\u00eda.<\/p><p>Grupo Iberoamericano de Medicina transfusional.<\/p><p>Es jefe del Servicio del Servicio de Medicina Transfusional de Cl\u00ednica Modelo y Sanatorio La Entrerriana.<\/p>\t\t\t\t\t\t<\/div>\n\t\t\t\t<\/div>\n\t\t\t\t\t<\/div>\n\t\t<\/div>\n\t\t\t\t\t\t\t<\/div>\n\t\t<\/section>\n\t\t\t\t<section class=\"elementor-section elementor-top-section elementor-element elementor-element-0c38f19 elementor-section-boxed elementor-section-height-default elementor-section-height-default\" data-id=\"0c38f19\" data-element_type=\"section\">\n\t\t\t\t\t\t<div class=\"elementor-container elementor-column-gap-default\">\n\t\t\t\t\t<div class=\"elementor-column elementor-col-100 elementor-top-column elementor-element elementor-element-8d2c691\" data-id=\"8d2c691\" data-element_type=\"column\">\n\t\t\t<div class=\"elementor-widget-wrap elementor-element-populated\">\n\t\t\t\t\t\t\t\t<div class=\"elementor-element elementor-element-cc2403b elementor-widget elementor-widget-spacer\" data-id=\"cc2403b\" data-element_type=\"widget\" data-widget_type=\"spacer.default\">\n\t\t\t\t<div class=\"elementor-widget-container\">\n\t\t\t\t\t<div class=\"elementor-spacer\">\n\t\t\t<div class=\"elementor-spacer-inner\"><\/div>\n\t\t<\/div>\n\t\t\t\t<\/div>\n\t\t\t\t<\/div>\n\t\t\t\t\t<\/div>\n\t\t<\/div>\n\t\t\t\t\t\t\t<\/div>\n\t\t<\/section>\n\t\t\t\t\t\t<\/div>\n\t\t\t\t\t<\/div>\n\t\t","protected":false},"excerpt":{"rendered":"<p>Curriculum y Especialidades Dra. Liliana G\u00f3mez Nux Directora M\u00e9dicaDra. Liliana G\u00f3mez Nux\u00a0Especialista en Hematolog\u00eda y Hemoterapia\u00a0 CONOZCA A NUESTROS M\u00c9DICOS La Dra. Liliana G\u00f3mez Nux es directora M\u00e9dica del Instituto Privado de Hematolog\u00eda y Hemoterapia. Curs\u00f3 sus estudios en la Facultad de Medicina de la Universidad Nacional de Buenos Aires &#8211; Argentina donde obtuvo el t\u00edtulo de Medico en 1980 Obtuvo el t\u00edtulo de Especialista en Hemoterapia e Inmunohematolog\u00eda en la Asociaci\u00f3n Argentina de Hemoterapia, Inmunohematolog\u00eda y Terapia Celular Obtuvo el Obtuvo el t\u00edtulo de Especialista en Hematolog\u00eda en la Sociedad Argentina de Hematolog\u00eda, Docente jefe de Trabajos Pr\u00e1cticos de la Catedra de Patolog\u00eda M\u00e9dica III, \u00c1rea Hematolog\u00eda de la Unidad Docente Acad\u00e9mica de Medicina de Paran\u00e1 (UDAM) dependiente de la Facultad de Ciencias M\u00e9dicas de la Universidad de Rosario. Miembro de m\u00faltiples Sociedades Cient\u00edficas. Sociedad Argentina de Hematolog\u00eda. Grupo Argentino de Tratamiento de la Leucemia Aguda. Asociaci\u00f3n Argentina de Hemoterapia Inmunohematolog\u00eda. Grupo Iberoamericano de Medicina transfusional. Es jefe del Servicio del Servicio de Medicina Transfusional de Cl\u00ednica Modelo y Sanatorio La Entrerriana.<\/p>\n","protected":false},"author":1,"featured_media":0,"parent":0,"menu_order":0,"comment_status":"closed","ping_status":"closed","template":"","meta":{"footnotes":""},"class_list":["post-1412","page","type-page","status-publish","hentry"],"_links":{"self":[{"href":"https:\/\/iphh.com.ar\/index.php\/wp-json\/wp\/v2\/pages\/1412","targetHints":{"allow":["GET"]}}],"collection":[{"href":"https:\/\/iphh.com.ar\/index.php\/wp-json\/wp\/v2\/pages"}],"about":[{"href":"https:\/\/iphh.com.ar\/index.php\/wp-json\/wp\/v2\/types\/page"}],"author":[{"embeddable":true,"href":"https:\/\/iphh.com.ar\/index.php\/wp-json\/wp\/v2\/users\/1"}],"replies":[{"embeddable":true,"href":"https:\/\/iphh.com.ar\/index.php\/wp-json\/wp\/v2\/comments?post=1412"}],"version-history":[{"count":19,"href":"https:\/\/iphh.com.ar\/index.php\/wp-json\/wp\/v2\/pages\/1412\/revisions"}],"predecessor-version":[{"id":1677,"href":"https:\/\/iphh.com.ar\/index.php\/wp-json\/wp\/v2\/pages\/1412\/revisions\/1677"}],"wp:attachment":[{"href":"https:\/\/iphh.com.ar\/index.php\/wp-json\/wp\/v2\/media?parent=1412"}],"curies":[{"name":"wp","href":"https:\/\/api.w.org\/{rel}","templated":true}]}}